{"id":131,"date":"2013-04-23T02:49:37","date_gmt":"2013-04-23T02:49:37","guid":{"rendered":"http:\/\/mrzarquitectos.com\/mrz\/?page_id=131"},"modified":"2024-05-25T03:14:23","modified_gmt":"2024-05-25T03:14:23","slug":"contacto","status":"publish","type":"page","link":"https:\/\/mrzarquitectos.com\/es\/index.php\/contacto\/","title":{"rendered":"CONTACTO"},"content":{"rendered":"<p><iframe loading=\"lazy\" width=\"500\" height=\"350\" frameborder=\"0\" src=\"https:\/\/www.google.com\/maps\/embed?pb=!1m18!1m12!1m3!1d3763.1268046625955!2d-99.17663938409571!3d19.406926386898903!2m3!1f0!2f0!3f0!3m2!1i1024!2i768!4f13.1!3m3!1m2!1s0x85d1ff69e904dff5%3A0xd22ca32e49911f19!2sinterior+102%2C+Gral.+Benjam%C3%ADn+Hill+214%2C+Hip%C3%B3dromo%2C+06100+Ciudad+de+M%C3%A9xico%2C+CDMX!5e0!3m2!1sen!2smx!4v1521229808764\"><\/iframe><br \/>\nEntra en comunicaci\u00f3n con nosotros a trav\u00e9s de los datos que ponemos a tu disposici\u00f3n o d\u00e9janos un mensaje y nosotros te responderemos a la brevedad.<\/p>\n","protected":false},"excerpt":{"rendered":"<p>Entra en comunicaci\u00f3n con nosotros a trav\u00e9s de los datos que ponemos a tu disposici\u00f3n o d\u00e9janos un mensaje y nosotros te responderemos a la brevedad.<\/p>\n","protected":false},"author":3,"featured_media":0,"parent":0,"menu_order":0,"comment_status":"closed","ping_status":"closed","template":"page-contact.php","meta":{"footnotes":""},"_links":{"self":[{"href":"https:\/\/mrzarquitectos.com\/es\/index.php\/wp-json\/wp\/v2\/pages\/131"}],"collection":[{"href":"https:\/\/mrzarquitectos.com\/es\/index.php\/wp-json\/wp\/v2\/pages"}],"about":[{"href":"https:\/\/mrzarquitectos.com\/es\/index.php\/wp-json\/wp\/v2\/types\/page"}],"author":[{"embeddable":true,"href":"https:\/\/mrzarquitectos.com\/es\/index.php\/wp-json\/wp\/v2\/users\/3"}],"replies":[{"embeddable":true,"href":"https:\/\/mrzarquitectos.com\/es\/index.php\/wp-json\/wp\/v2\/comments?post=131"}],"version-history":[{"count":17,"href":"https:\/\/mrzarquitectos.com\/es\/index.php\/wp-json\/wp\/v2\/pages\/131\/revisions"}],"predecessor-version":[{"id":1677,"href":"https:\/\/mrzarquitectos.com\/es\/index.php\/wp-json\/wp\/v2\/pages\/131\/revisions\/1677"}],"wp:attachment":[{"href":"https:\/\/mrzarquitectos.com\/es\/index.php\/wp-json\/wp\/v2\/media?parent=131"}],"curies":[{"name":"wp","href":"https:\/\/api.w.org\/{rel}","templated":true}]}}